{"id":75,"date":"2019-04-02T06:35:49","date_gmt":"2019-04-02T06:35:49","guid":{"rendered":"https:\/\/getwid.getmotopress.com\/?page_id=75"},"modified":"2024-01-09T18:00:16","modified_gmt":"2024-01-09T23:00:16","slug":"about-us","status":"publish","type":"page","link":"https:\/\/labvetgm.com\/index.php\/about-us\/","title":{"rendered":"LabVet GM"},"content":{"rendered":"\n<div class=\"wp-block-getwid-section alignfull alignfull has-inner-blocks-gap-small\" style=\"margin-bottom:40px\"><div class=\"wp-block-getwid-section__wrapper getwid-padding-left-large getwid-padding-right-large getwid-padding-mobile-left-medium getwid-padding-mobile-right-medium\"><div class=\"wp-block-getwid-section__inner-wrapper\"><div class=\"wp-block-getwid-section__background-holder\"><div class=\"wp-block-getwid-section__background\"><\/div><div class=\"wp-block-getwid-section__foreground\"><\/div><\/div><div class=\"wp-block-getwid-section__content\"><div class=\"wp-block-getwid-section__inner-content\">\n<div class=\"wp-block-getwid-image-box getwid-animation has-image-right has-text-left has-mobile-layout-column has-mobile-alignment-center\" data-animation=\"slideTop\"><div class=\"wp-block-getwid-image-box__image-container is-position-top\"><div class=\"wp-block-getwid-image-box__image-wrapper\"><img loading=\"lazy\" decoding=\"async\" width=\"539\" height=\"680\" src=\"https:\/\/labvetgm.com\/wp-content\/uploads\/2023\/06\/about_labvetgm.png\" class=\"wp-block-getwid-image-box__image wp-image-1268\" srcset=\"https:\/\/labvetgm.com\/wp-content\/uploads\/2023\/06\/about_labvetgm.png 539w, https:\/\/labvetgm.com\/wp-content\/uploads\/2023\/06\/about_labvetgm-238x300.png 238w\" sizes=\"auto, (max-width: 539px) 100vw, 539px\" \/><\/div><\/div><div class=\"wp-block-getwid-image-box__content\">\n<div class=\"wp-block-getwid-advanced-heading has-custom-font-size\" style=\"font-size:24px;margin-bottom:5px\"><span class=\"wp-block-getwid-advanced-heading__content\" style=\"font-family:&quot;Work Sans&quot;;font-weight:200;line-height:1em;letter-spacing:0px\"><\/span><\/div>\n\n\n\n<div class=\"wp-block-getwid-advanced-heading has-custom-font-size\" style=\"font-size:33px;margin-bottom:30px\"><h3 class=\"wp-block-getwid-advanced-heading__content\" style=\"line-height:1em\">Misi\u00f3n<\/h3><\/div>\n\n\n\n<p>Somos un laboratorio cl\u00ednico con<br>personal calificado, comprometidos<br>con el apoyo diagn\u00f3stico de<br>diferentes patolog\u00edas en el \u00e1rea<br>veterinaria, contribuyendo a mejorar<br>el bienestar animal con an\u00e1lisis de<br>laboratorio de rutina y<br>especializados. Contamos con<br>tecnolog\u00eda avanzada que garantizan<br>la calidad de nuestros reportes.<\/p>\n\n\n\n<blockquote class=\"wp-block-quote has-text-align-left is-layout-flow wp-block-quote-is-layout-flow\">\n<p><\/p>\n<\/blockquote>\n<\/div><\/div>\n<\/div><\/div><\/div><\/div><\/div>\n\n\n\n<div class=\"wp-block-getwid-section alignfull alignfull has-inner-blocks-gap-small\"><div class=\"wp-block-getwid-section__wrapper getwid-padding-bottom-none getwid-padding-left-large getwid-padding-right-large getwid-padding-mobile-left-medium getwid-padding-mobile-right-medium\" style=\"padding-top:40px\"><div class=\"wp-block-getwid-section__inner-wrapper\"><div class=\"wp-block-getwid-section__background-holder\"><div class=\"wp-block-getwid-section__background\"><\/div><div class=\"wp-block-getwid-section__foreground\"><\/div><\/div><div class=\"wp-block-getwid-section__content\"><div class=\"wp-block-getwid-section__inner-content\">\n<div class=\"wp-block-getwid-advanced-heading has-custom-font-size\" style=\"font-size:33px;margin-bottom:30px\"><h3 class=\"wp-block-getwid-advanced-heading__content\" style=\"line-height:1em\">Visi\u00f3n<\/h3><\/div>\n\n\n\n<p>Ser una empresa de servicios de<br>laboratorio veterinario l\u00edder en la<br>regi\u00f3n del Valle del Cauca aportando<br>innovaci\u00f3n en el \u00e1rea de diagn\u00f3stico<br>cl\u00ednico, ofreciendo un servicio integral<br>y de alta calidad.<\/p>\n<\/div><\/div><\/div><\/div><\/div>\n","protected":false},"excerpt":{"rendered":"","protected":false},"author":1,"featured_media":0,"parent":0,"menu_order":0,"comment_status":"closed","ping_status":"closed","template":"","meta":{"_monsterinsights_skip_tracking":false,"_monsterinsights_sitenote_active":false,"_monsterinsights_sitenote_note":"","_monsterinsights_sitenote_category":0,"footnotes":""},"class_list":["post-75","page","type-page","status-publish","hentry"],"aioseo_notices":[],"_links":{"self":[{"href":"https:\/\/labvetgm.com\/index.php\/wp-json\/wp\/v2\/pages\/75","targetHints":{"allow":["GET"]}}],"collection":[{"href":"https:\/\/labvetgm.com\/index.php\/wp-json\/wp\/v2\/pages"}],"about":[{"href":"https:\/\/labvetgm.com\/index.php\/wp-json\/wp\/v2\/types\/page"}],"author":[{"embeddable":true,"href":"https:\/\/labvetgm.com\/index.php\/wp-json\/wp\/v2\/users\/1"}],"replies":[{"embeddable":true,"href":"https:\/\/labvetgm.com\/index.php\/wp-json\/wp\/v2\/comments?post=75"}],"version-history":[{"count":9,"href":"https:\/\/labvetgm.com\/index.php\/wp-json\/wp\/v2\/pages\/75\/revisions"}],"predecessor-version":[{"id":1351,"href":"https:\/\/labvetgm.com\/index.php\/wp-json\/wp\/v2\/pages\/75\/revisions\/1351"}],"wp:attachment":[{"href":"https:\/\/labvetgm.com\/index.php\/wp-json\/wp\/v2\/media?parent=75"}],"curies":[{"name":"wp","href":"https:\/\/api.w.org\/{rel}","templated":true}]}}